{"id":53,"date":"2021-02-09T19:21:41","date_gmt":"2021-02-09T18:21:41","guid":{"rendered":"http:\/\/xn--mobile-geflgelschlachterei-beimborn-4wd.de\/?page_id=53"},"modified":"2021-02-09T19:21:41","modified_gmt":"2021-02-09T18:21:41","slug":"datenschutzerklaerung","status":"publish","type":"page","link":"https:\/\/mobile-gefluegelschlachterei-beimborn.de\/?page_id=53","title":{"rendered":"Datenschutzerkl\u00e4rung"},"content":{"rendered":"<h2><strong>Datenschutzerkl\u00e4rung<\/strong><\/h2>\n<p>Verantwortlich im Sinne der Datenschutzgesetzes:<\/p>\n<p>Thorsten Beimborn<br \/>\nWellin 10<br \/>\n58849 Herscheid<\/p>\n<p><strong>Datenschutz<\/strong><\/p>\n<p>Als Webseitenbetreiber nehmen wir den Schutz aller pers\u00f6nlichen Daten sehr ernst. Alle personenbezogenen Informationen werden vertraulich und gem\u00e4\u00df den gesetzlichen Vorschriften behandelt, wie in dieser Datenschutzerkl\u00e4rung erl\u00e4utert.<\/p>\n<p>Unserer Webseite kann selbstverst\u00e4ndlich genutzt werden, ohne dass Sie pers\u00f6nliche Daten angeben. Wenn jedoch zu irgendeinem Zeitpunkt pers\u00f6nliche Daten wie z.B. Name, Adresse oder E-Mail abgefragt werden, wird dies auf freiwilliger Basis geschehen. Niemals werden von uns erhobene Daten ohne Ihre spezielle Genehmigung an Dritte weitergegeben.<\/p>\n<p>Daten\u00fcbertragung im Internet, wie zum Beispiel \u00fcber E-Mail, kann immer Sicherheitsl\u00fccken aufweisen. Der komplette Schutz der Daten ist im Internet nicht m\u00f6glich.<\/p>\n<p><strong>Datenschutzerkl\u00e4rung Facebook-Plugins (Like-Button)<\/strong><\/p>\n<p>Auf unseren Seiten werden Plugins von Facebook genutzt, Anbieter ist die Facebook Inc., 1 Hacker Way, Menlo Park, California 94025, USA. Facebook-Plugins sind mit einem Facebook-Logo markiert oder zeigen einen \u201cLike-Button\u201d (\u201cGef\u00e4llt mir\u201d). Mehr Informationen \u00fcber Facebook-Plugins finden Sie hier: http:\/\/developers.facebook.com\/docs\/plugins\/.<\/p>\n<p>Beim Besuch unserer Webseite stellt das Plugin eine direkte Verbindung zwischen Ihrem Webbrowser und dem Facebook-Server her. Dabei wird \u00fcbermittelt, dass Sie sich mit Ihrer IP-Adresse auf unsere Webseite begeben haben. Wird der Facebook \u201cLike-Button\u201d angeklickt, w\u00e4hrend Sie in Ihrem Facebook-Account eingeloggt sind, k\u00f6nnen bestimmte Inhalte unserer Webseiten mit Ihrem Facebook-Profil verlinkt werden. In diesem Prozess ist es Facebook m\u00f6glich, ihren Besuch auf unseren Webseiten mit ihrem Benutzerkonto zu speichern. Als Webseitenbetreiber haben wir keine Informationen dar\u00fcber, welche Daten \u00fcbermittelt werden und wie diese genutzt werden. Mehr Informationen dazu finden Sie hier:<\/p>\n<p>http:\/\/de-de.facebook.com\/policy.php.<\/p>\n<p>Um zu vermeiden, dass Facebook Ihren Besuch auf unserer Webseite verfolgt, melden Sie sich bitte vor Nutzung unseres Angebots bei Facebook ab.<\/p>\n<p><strong>Auskunft, L\u00f6schung, Sperrung<\/strong><\/p>\n<p>Zu jedem Zeitpunkt k\u00f6nnen Sie sich \u00fcber die personenbezogenen Daten, deren Herkunft und Empf\u00e4nger und den Nutzen der Datenverarbeitung informieren und unentgeltlich eine Korrektur, Sperrung oder L\u00f6schung dieser Daten verlangen. Bitte nutzen Sie daf\u00fcr die im Impressum angegebenen Kontaktwege. F\u00fcr weitere Fragen zum Thema stehen wir Ihnen ebenfalls jederzeit zur Verf\u00fcgung.<\/p>\n<p><strong>Server-Log-Files<\/strong><\/p>\n<p>Der Seiten-Provider erhebt und speichert automatisch Daten in Server-Log Files, die von Ihrem Browser an uns \u00fcbermittelt werden. Diese Daten enthalten:<\/p>\n<p>\u2013 Browsertyp\/ Browserversion<\/p>\n<p>\u2013 Betriebssystem des Rechners<\/p>\n<p>\u2013 Referrer URL<\/p>\n<p>\u2013 Hostname des zugreifenden Rechners<\/p>\n<p>\u2013 Uhrzeit der Serveranfrage<\/p>\n<p>Diese Daten sind nicht personenbezogen. Es erfolgt keine Zusammenf\u00fchrung dieser Daten mit anderen Datenquellen. Wenn uns konkrete Anhaltspunkte f\u00fcr eine rechtswidrige Nutzung bekannt werden behalten wir uns das Recht vor, diese Daten nachtr\u00e4glich zu \u00fcberpr\u00fcfen.<\/p>\n<p><strong>Cookies<\/strong><\/p>\n<p>Viele Internetseiten verwenden Cookies. Cookies sind unsch\u00e4dlich f\u00fcr Ihren Rechner und virenfrei. Sie dienen dazu, Internet-Angebote f\u00fcr die Besucher einer <a href=\"\/%22http:\/praktischelinks.de\/\">Webseite<\/a> freundlicher, effektiver und sicherer zu machen. Cookies sind kleine Textdateien, die auf Ihrem Computer abgelegt werden und die Ihr Browser verwendet.<\/p>\n<p>Wir verwenden in der Regel so genannte \u201eSession-Cookies\u201c. Diese werden nach Verlassen unserer Seite automatisch gel\u00f6scht. Andere Cookies bleiben auf Ihrem Computer gespeichert, bis Sie diese l\u00f6schen. Diese Cookies helfen dabei, Ihren Rechner beim n\u00e4chsten Besuch wiederzuerkennen.<\/p>\n<p>\u00dcber die Browsereinstellungen k\u00f6nnen sie festlegen, dass Sie \u00fcber neue Cookies informiert werden und Cookies jeweils annehmen m\u00fcssen. Ebenso k\u00f6nnen Sie die Annahme von Cookies f\u00fcr bestimmte F\u00e4lle oder generell ausschlie\u00dfen oder das automatische L\u00f6schen der Cookies beim Schlie\u00dfen des Browser aktivieren. Werden Cookies desaktiviert, kann die Funktionalit\u00e4t unserer Website eingeschr\u00e4nkt sein.<\/p>\n<p><strong>\u00c4nderung der Datenschutzbestimmungen<\/strong><\/p>\n<p>Unsere Datenschutzerkl\u00e4rung k\u00f6nnen in unregelm\u00e4\u00dfigen Abst\u00e4nden angepasst werden, damit sie den aktuellen rechtlichen Anforderungen entsprechen oder um \u00c4nderungen unserer Dienstleistungen umzusetzen, z. B. bei der Einf\u00fcgung neuer Angebote. F\u00fcr Ihren n\u00e4chsten Besuch gilt dann automatisch die neue <a href=\"\/%22https:\/xn--datenschutzerklrungmuster-zec.de\/was-ist-eine-datenschutzerklaerung\/\"><strong>Datenschutzerkl\u00e4rung<\/strong><\/a>.<\/p>\n<p><strong>Kontakt zum Datenschutzmitarbeiter<\/strong><\/p>\n<p>F\u00fcr Fragen zum Datenschutz schicken Sie uns bitte eine Nachricht an thorsten.beimborn@web.de mit dem Betreff \u201eDatenschutz\u201c.<\/p>\n<p>Diese Widerrufsbelehrung Seite wurde bei <a href=\"\/%22https:\/datenschutzerkl\u00e4rungmuster.de\/\">datenschutzerkl\u00e4rungmuster.de<\/a>\u00a0erstellt.<\/p>\n","protected":false},"excerpt":{"rendered":"<p>Datenschutzerkl\u00e4rung Verantwortlich im Sinne der Datenschutzgesetzes: Thorsten Beimborn Wellin 10 58849 Herscheid Datenschutz Als Webseitenbetreiber nehmen wir den Schutz aller pers\u00f6nlichen Daten sehr ernst. Alle personenbezogenen Informationen werden vertraulich und gem\u00e4\u00df den gesetzlichen Vorschriften behandelt, wie in dieser Datenschutzerkl\u00e4rung erl\u00e4utert. Unserer Webseite kann selbstverst\u00e4ndlich genutzt werden, ohne dass Sie pers\u00f6nliche Daten angeben. Wenn jedoch zu&hellip; <a class=\"more-link\" href=\"https:\/\/mobile-gefluegelschlachterei-beimborn.de\/?page_id=53\"><span class=\"screen-reader-text\">Datenschutzerkl\u00e4rung<\/span> weiterlesen<\/a><\/p>\n","protected":false},"author":1,"featured_media":0,"parent":0,"menu_order":0,"comment_status":"closed","ping_status":"closed","template":"","meta":{"footnotes":""},"class_list":["post-53","page","type-page","status-publish","hentry","entry"],"yoast_head":"<!-- This site is optimized with the Yoast SEO plugin v15.8 - https:\/\/yoast.com\/wordpress\/plugins\/seo\/ -->\n<title>Datenschutzerkl\u00e4rung - Mobile-Gefluegelschlachterei-Beimborn.de<\/title>\n<meta name=\"robots\" content=\"index, follow, max-snippet:-1, max-image-preview:large, max-video-preview:-1\" \/>\n<link rel=\"canonical\" href=\"https:\/\/mobile-gefluegelschlachterei-beimborn.de\/?page_id=53\" \/>\n<meta property=\"og:locale\" content=\"de_DE\" \/>\n<meta property=\"og:type\" content=\"article\" \/>\n<meta property=\"og:title\" content=\"Datenschutzerkl\u00e4rung - Mobile-Gefluegelschlachterei-Beimborn.de\" \/>\n<meta property=\"og:description\" content=\"Datenschutzerkl\u00e4rung Verantwortlich im Sinne der Datenschutzgesetzes: Thorsten Beimborn Wellin 10 58849 Herscheid Datenschutz Als Webseitenbetreiber nehmen wir den Schutz aller pers\u00f6nlichen Daten sehr ernst. Alle personenbezogenen Informationen werden vertraulich und gem\u00e4\u00df den gesetzlichen Vorschriften behandelt, wie in dieser Datenschutzerkl\u00e4rung erl\u00e4utert. Unserer Webseite kann selbstverst\u00e4ndlich genutzt werden, ohne dass Sie pers\u00f6nliche Daten angeben. Wenn jedoch zu&hellip; Datenschutzerkl\u00e4rung weiterlesen\" \/>\n<meta property=\"og:url\" content=\"https:\/\/mobile-gefluegelschlachterei-beimborn.de\/?page_id=53\" \/>\n<meta property=\"og:site_name\" content=\"Mobile-Gefluegelschlachterei-Beimborn.de\" \/>\n<meta property=\"article:publisher\" content=\"https:\/\/www.facebook.com\/GefluegelschlachtereiBeimborn\/\" \/>\n<meta name=\"twitter:card\" content=\"summary_large_image\" \/>\n<meta name=\"twitter:label1\" content=\"Gesch\u00e4tzte Lesezeit\">\n\t<meta name=\"twitter:data1\" content=\"3\u00a0Minuten\">\n<script type=\"application\/ld+json\" class=\"yoast-schema-graph\">{\"@context\":\"https:\/\/schema.org\",\"@graph\":[{\"@type\":\"Organization\",\"@id\":\"https:\/\/mobile-gefluegelschlachterei-beimborn.de\/#organization\",\"name\":\"Mobile Gefl\\u00fcgelschlachterei Beimborn\",\"url\":\"https:\/\/mobile-gefluegelschlachterei-beimborn.de\/\",\"sameAs\":[\"https:\/\/www.facebook.com\/GefluegelschlachtereiBeimborn\/\"],\"logo\":{\"@type\":\"ImageObject\",\"@id\":\"https:\/\/mobile-gefluegelschlachterei-beimborn.de\/#logo\",\"inLanguage\":\"de\",\"url\":\"https:\/\/mobile-gefluegelschlachterei-beimborn.de\/wp-content\/uploads\/2021\/02\/Logo_komplett_aufDunkelblau_kl-e1612961289208.jpg\",\"width\":1500,\"height\":1061,\"caption\":\"Mobile Gefl\\u00fcgelschlachterei Beimborn\"},\"image\":{\"@id\":\"https:\/\/mobile-gefluegelschlachterei-beimborn.de\/#logo\"}},{\"@type\":\"WebSite\",\"@id\":\"https:\/\/mobile-gefluegelschlachterei-beimborn.de\/#website\",\"url\":\"https:\/\/mobile-gefluegelschlachterei-beimborn.de\/\",\"name\":\"Mobile-Gefluegelschlachterei-Beimborn.de\",\"description\":\"Schlachtung ohne Tiertransport\",\"publisher\":{\"@id\":\"https:\/\/mobile-gefluegelschlachterei-beimborn.de\/#organization\"},\"potentialAction\":[{\"@type\":\"SearchAction\",\"target\":\"https:\/\/mobile-gefluegelschlachterei-beimborn.de\/?s={search_term_string}\",\"query-input\":\"required name=search_term_string\"}],\"inLanguage\":\"de\"},{\"@type\":\"WebPage\",\"@id\":\"https:\/\/mobile-gefluegelschlachterei-beimborn.de\/?page_id=53#webpage\",\"url\":\"https:\/\/mobile-gefluegelschlachterei-beimborn.de\/?page_id=53\",\"name\":\"Datenschutzerkl\\u00e4rung - Mobile-Gefluegelschlachterei-Beimborn.de\",\"isPartOf\":{\"@id\":\"https:\/\/mobile-gefluegelschlachterei-beimborn.de\/#website\"},\"datePublished\":\"2021-02-09T18:21:41+00:00\",\"dateModified\":\"2021-02-09T18:21:41+00:00\",\"breadcrumb\":{\"@id\":\"https:\/\/mobile-gefluegelschlachterei-beimborn.de\/?page_id=53#breadcrumb\"},\"inLanguage\":\"de\",\"potentialAction\":[{\"@type\":\"ReadAction\",\"target\":[\"https:\/\/mobile-gefluegelschlachterei-beimborn.de\/?page_id=53\"]}]},{\"@type\":\"BreadcrumbList\",\"@id\":\"https:\/\/mobile-gefluegelschlachterei-beimborn.de\/?page_id=53#breadcrumb\",\"itemListElement\":[{\"@type\":\"ListItem\",\"position\":1,\"item\":{\"@type\":\"WebPage\",\"@id\":\"https:\/\/mobile-gefluegelschlachterei-beimborn.de\/\",\"url\":\"https:\/\/mobile-gefluegelschlachterei-beimborn.de\/\",\"name\":\"Startseite\"}},{\"@type\":\"ListItem\",\"position\":2,\"item\":{\"@type\":\"WebPage\",\"@id\":\"https:\/\/mobile-gefluegelschlachterei-beimborn.de\/?page_id=53\",\"url\":\"https:\/\/mobile-gefluegelschlachterei-beimborn.de\/?page_id=53\",\"name\":\"Datenschutzerkl\\u00e4rung\"}}]}]}<\/script>\n<!-- \/ Yoast SEO plugin. -->","_links":{"self":[{"href":"https:\/\/mobile-gefluegelschlachterei-beimborn.de\/index.php?rest_route=\/wp\/v2\/pages\/53","targetHints":{"allow":["GET"]}}],"collection":[{"href":"https:\/\/mobile-gefluegelschlachterei-beimborn.de\/index.php?rest_route=\/wp\/v2\/pages"}],"about":[{"href":"https:\/\/mobile-gefluegelschlachterei-beimborn.de\/index.php?rest_route=\/wp\/v2\/types\/page"}],"author":[{"embeddable":true,"href":"https:\/\/mobile-gefluegelschlachterei-beimborn.de\/index.php?rest_route=\/wp\/v2\/users\/1"}],"replies":[{"embeddable":true,"href":"https:\/\/mobile-gefluegelschlachterei-beimborn.de\/index.php?rest_route=%2Fwp%2Fv2%2Fcomments&post=53"}],"version-history":[{"count":1,"href":"https:\/\/mobile-gefluegelschlachterei-beimborn.de\/index.php?rest_route=\/wp\/v2\/pages\/53\/revisions"}],"predecessor-version":[{"id":54,"href":"https:\/\/mobile-gefluegelschlachterei-beimborn.de\/index.php?rest_route=\/wp\/v2\/pages\/53\/revisions\/54"}],"wp:attachment":[{"href":"https:\/\/mobile-gefluegelschlachterei-beimborn.de\/index.php?rest_route=%2Fwp%2Fv2%2Fmedia&parent=53"}],"curies":[{"name":"wp","href":"https:\/\/api.w.org\/{rel}","templated":true}]}}